{"id":43,"date":"2017-03-16T13:23:16","date_gmt":"2017-03-16T12:23:16","guid":{"rendered":"http:\/\/www.heil-werden.ch\/?page_id=43"},"modified":"2026-02-06T13:54:29","modified_gmt":"2026-02-06T12:54:29","slug":"kontakt","status":"publish","type":"page","link":"https:\/\/www.heil-werden.ch\/index.php\/kontakt\/","title":{"rendered":"Kontakt"},"content":{"rendered":"<p>&nbsp;<\/p>\n<table style=\"height: 132px;\" width=\"558\">\n<tbody>\n<tr valign=\"top\">\n<td style=\"width: 271px;\">\n<h3><span style=\"color: #c16438;\">Anschrift:<\/span><\/h3>\n<p>Regula Rellstab<\/p>\n<p>Freiburgstrasse 8<br \/>\n3150 Schwarzenburg<\/p>\n<p>Bernstrasse 1<br \/>\n3088 R\u00fceggisberg<\/p>\n<p>Telefon 078 773 58 85<\/p>\n<p>Mail: <a href=\"mailto:kontakt@heil-werden.ch\">kontakt@heil-werden.ch<\/a><\/p>\n<h3><span style=\"color: #c16438;\">Standort Schwarzenburg:<\/span><\/h3>\n<p><iframe loading=\"lazy\" style=\"border: 0;\" src=\"https:\/\/www.google.com\/maps\/embed?pb=!1m18!1m12!1m3!1d2730.2908172646203!2d7.33738507704562!3d46.818274042081!2m3!1f0!2f0!3f0!3m2!1i1024!2i768!4f13.1!3m3!1m2!1s0x478e4400ccb20c75%3A0x356f37979132a35c!2sFreiburgstrasse%208%2C%203150%20Schwarzenburg!5e0!3m2!1sde!2sch!4v1747739274241!5m2!1sde!2sch\" width=\"400\" height=\"300\" allowfullscreen=\"allowfullscreen\"><span style=\"display: inline-block; width: 0px; overflow: hidden; line-height: 0;\" data-mce-type=\"bookmark\" class=\"mce_SELRES_start\">\ufeff<\/span><\/iframe><\/p>\n<p>Keine Kundenparkpl\u00e4tze vorhanden, Parkpl\u00e4tze sind hinter dem Gemeindehaus zu finden (1h gratis, geb\u00fchrenpflichtig)<\/p>\n<h3><span style=\"color: #c16438;\">Standort R\u00fceggisberg:<\/span><\/h3>\n<p><iframe loading=\"lazy\" style=\"border: 0;\" src=\"https:\/\/www.google.com\/maps\/embed?pb=!1m18!1m12!1m3!1d2730.063788459155!2d7.446882915855361!3d46.8227449497874!2m3!1f0!2f0!3f0!3m2!1i1024!2i768!4f13.1!3m3!1m2!1s0x478e48b19f0758ed%3A0x7eadc7481cb6f44c!2sBernstrasse+1%2C+3088+R%C3%BCeggisberg!5e0!3m2!1sde!2sch!4v1499113512463\" width=\"400\" height=\"300\" frameborder=\"0\" allowfullscreen=\"allowfullscreen\"><\/iframe><\/p>\n<p>Kundenparkpl\u00e4tze vorhanden<\/p>\n<p>&nbsp;<\/p>\n<p>&nbsp;<\/td>\n<td style=\"width: 271px;\">\n<h3><span style=\"color: #c16438;\">Kontaktformular:<\/span><\/h3>\n<div class=\"wpcf7 no-js\" id=\"wpcf7-f62-o1\" lang=\"de-DE\" dir=\"ltr\" data-wpcf7-id=\"62\">\n<div class=\"screen-reader-response\"><p role=\"status\" aria-live=\"polite\" aria-atomic=\"true\"><\/p> <ul><\/ul><\/div>\n<form action=\"\/index.php\/wp-json\/wp\/v2\/pages\/43#wpcf7-f62-o1\" method=\"post\" class=\"wpcf7-form init\" aria-label=\"Kontaktformular\" novalidate=\"novalidate\" data-status=\"init\">\n<fieldset class=\"hidden-fields-container\"><input type=\"hidden\" name=\"_wpcf7\" value=\"62\" \/><input type=\"hidden\" name=\"_wpcf7_version\" value=\"6.1.5\" \/><input type=\"hidden\" name=\"_wpcf7_locale\" value=\"de_DE\" \/><input type=\"hidden\" name=\"_wpcf7_unit_tag\" value=\"wpcf7-f62-o1\" \/><input type=\"hidden\" name=\"_wpcf7_container_post\" value=\"0\" \/><input type=\"hidden\" name=\"_wpcf7_posted_data_hash\" value=\"\" \/>\n<\/fieldset>\n<p><label> Ihr Name<br \/>\n<span class=\"wpcf7-form-control-wrap\" data-name=\"your-name\"><input size=\"40\" maxlength=\"400\" class=\"wpcf7-form-control wpcf7-text wpcf7-validates-as-required\" aria-required=\"true\" aria-invalid=\"false\" value=\"\" type=\"text\" name=\"your-name\" \/><\/span> <\/label>\n<\/p>\n<p><label> Ihre E-Mail-Adresse<br \/>\n<span class=\"wpcf7-form-control-wrap\" data-name=\"your-email\"><input size=\"40\" maxlength=\"400\" class=\"wpcf7-form-control wpcf7-email wpcf7-validates-as-required wpcf7-text wpcf7-validates-as-email\" aria-required=\"true\" aria-invalid=\"false\" value=\"\" type=\"email\" name=\"your-email\" \/><\/span> <\/label>\n<\/p>\n<p><label> Betreff<br \/>\n<span class=\"wpcf7-form-control-wrap\" data-name=\"your-subject\"><input size=\"40\" maxlength=\"400\" class=\"wpcf7-form-control wpcf7-text\" aria-invalid=\"false\" value=\"\" type=\"text\" name=\"your-subject\" \/><\/span> <\/label>\n<\/p>\n<p><label> Ihre Nachricht<br \/>\n<span class=\"wpcf7-form-control-wrap\" data-name=\"your-message\"><textarea cols=\"40\" rows=\"10\" maxlength=\"2000\" class=\"wpcf7-form-control wpcf7-textarea\" aria-invalid=\"false\" name=\"your-message\"><\/textarea><\/span> <\/label>\n<\/p>\n<p><label> Spamschutz<br \/>\n<span class=\"wpcf7-form-control-wrap\" data-name=\"quiz-649\"><label><span class=\"wpcf7-quiz-label\">Wie viele Beine hat eine Katze (Zahl eingeben)?<\/span> <input size=\"40\" class=\"wpcf7-form-control wpcf7-quiz\" autocomplete=\"off\" aria-required=\"true\" aria-invalid=\"false\" type=\"text\" name=\"quiz-649\" \/><\/label><input type=\"hidden\" name=\"_wpcf7_quiz_answer_quiz-649\" value=\"112796a2fd4c1e54e9a80b9e01c25348\" \/><\/span><\/label>\n<\/p>\n<p><input class=\"wpcf7-form-control wpcf7-submit has-spinner\" type=\"submit\" value=\"Senden\" \/>\n<\/p><div class=\"wpcf7-response-output\" aria-hidden=\"true\"><\/div>\n<\/form>\n<\/div>\n<\/td>\n<\/tr>\n<\/tbody>\n<\/table>\n<p>&nbsp;<\/p>\n","protected":false},"excerpt":{"rendered":"<p>&nbsp; Anschrift: Regula Rellstab Freiburgstrasse 8 3150 Schwarzenburg Bernstrasse 1 3088 R\u00fceggisberg Telefon 078 773 58 85 Mail: kontakt@heil-werden.ch Standort Schwarzenburg: \ufeff Keine Kundenparkpl\u00e4tze vorhanden, Parkpl\u00e4tze sind hinter dem Gemeindehaus zu finden (1h gratis, geb\u00fchrenpflichtig) Standort R\u00fceggisberg: Kundenparkpl\u00e4tze vorhanden &nbsp; &nbsp; Kontaktformular: &nbsp;<\/p>\n","protected":false},"author":3,"featured_media":0,"parent":0,"menu_order":0,"comment_status":"closed","ping_status":"closed","template":"","meta":{"footnotes":""},"class_list":["post-43","page","type-page","status-publish","hentry","description-off"],"_links":{"self":[{"href":"https:\/\/www.heil-werden.ch\/index.php\/wp-json\/wp\/v2\/pages\/43","targetHints":{"allow":["GET"]}}],"collection":[{"href":"https:\/\/www.heil-werden.ch\/index.php\/wp-json\/wp\/v2\/pages"}],"about":[{"href":"https:\/\/www.heil-werden.ch\/index.php\/wp-json\/wp\/v2\/types\/page"}],"author":[{"embeddable":true,"href":"https:\/\/www.heil-werden.ch\/index.php\/wp-json\/wp\/v2\/users\/3"}],"replies":[{"embeddable":true,"href":"https:\/\/www.heil-werden.ch\/index.php\/wp-json\/wp\/v2\/comments?post=43"}],"version-history":[{"count":20,"href":"https:\/\/www.heil-werden.ch\/index.php\/wp-json\/wp\/v2\/pages\/43\/revisions"}],"predecessor-version":[{"id":415,"href":"https:\/\/www.heil-werden.ch\/index.php\/wp-json\/wp\/v2\/pages\/43\/revisions\/415"}],"wp:attachment":[{"href":"https:\/\/www.heil-werden.ch\/index.php\/wp-json\/wp\/v2\/media?parent=43"}],"curies":[{"name":"wp","href":"https:\/\/api.w.org\/{rel}","templated":true}]}}