{"id":41,"date":"2017-03-16T13:23:07","date_gmt":"2017-03-16T12:23:07","guid":{"rendered":"http:\/\/www.heil-werden.ch\/?page_id=41"},"modified":"2025-11-18T17:33:31","modified_gmt":"2025-11-18T16:33:31","slug":"ueber-mich","status":"publish","type":"page","link":"https:\/\/www.heil-werden.ch\/index.php\/ueber-mich\/","title":{"rendered":"\u00dcber mich"},"content":{"rendered":"<h3><span style=\"color: #c16438;\"><strong>Mein Weg<br \/>\n<\/strong><\/span><\/h3>\n<p><img loading=\"lazy\" decoding=\"async\" class=\"size-medium wp-image-80 alignright\" src=\"http:\/\/www.heil-werden.ch\/wp-content\/uploads\/2017\/03\/Profilbild_Regula_Rellstab1-300x300.jpg\" alt=\"\" width=\"300\" height=\"300\" srcset=\"https:\/\/www.heil-werden.ch\/wp-content\/uploads\/2017\/03\/Profilbild_Regula_Rellstab1-300x300.jpg 300w, https:\/\/www.heil-werden.ch\/wp-content\/uploads\/2017\/03\/Profilbild_Regula_Rellstab1-150x150.jpg 150w, https:\/\/www.heil-werden.ch\/wp-content\/uploads\/2017\/03\/Profilbild_Regula_Rellstab1-768x768.jpg 768w, https:\/\/www.heil-werden.ch\/wp-content\/uploads\/2017\/03\/Profilbild_Regula_Rellstab1.jpg 800w\" sizes=\"auto, (max-width: 300px) 100vw, 300px\" \/><\/p>\n<p><span style=\"color: #b34d12;\">Es war w\u00e4hrend meiner ersten Reise in die hohen Berges des Karakorum. Da kam sie zu mir &#8211; die erste Vision! Ich sitze im falschen Boot! Ich tue nicht das, was ich Liebe. Ich mache das, was ich meine, dass von mir verlangt wird.<\/span><\/p>\n<p><span style=\"color: #b34d12;\">Von da weg wusste ich, dass ich was \u00e4ndern musste. Aber wie? <\/span><span style=\"color: #b34d12;\">Es sollte noch viele Jahre dauern, bis ich den Weg fand, aus meinem alten Beruf auszusteigen.<br \/>\n<\/span><\/p>\n<p><span style=\"color: #b34d12;\">Viele Jahre dauerte es auch, bis sich unser Kinderwunsch endlich erf\u00fcllte. Menschen mit unerf\u00fclltem Kinderwunsch machen eine unglaubliche Leidenszeit durch. Ich f\u00fchle mit allen Betroffenen mit! Im 2013 wurden unsere Zwillinge geboren. Das gr\u00f6sste Geschenk meines Lebens!!<br \/>\n<\/span><\/p>\n<p><span style=\"color: #b34d12;\">Doch unser Gl\u00fcck w\u00e4hrte nicht lange. Im 2018 riss ein schrecklicher Unfall eine riesige L\u00fccke in unsere Familie. Lieber Nino, wir vermissen dich jeden Tag!!<\/span><\/p>\n<p><span style=\"color: #b34d12;\">Ich bin dankbar f\u00fcr die Zeit, die wir so intensiv zusammen verbringen durften. Nino, deine Liebe und meine Dankbarkeit trage ich im Herzen!!<\/span><\/p>\n<p><span style=\"color: #b34d12;\">Dir, lieber Mensch, will ich mit Klarheit begegnen. Gemeinsam nehmen wir uns der k\u00f6rperlichen oder seelischen Themen an, die dich bewegen. Ich begleite dich durch die Ver\u00e4nderungen im Genesungsprozess. Und ich unterst\u00fctze dich dabei, dass du die positiven Ver\u00e4nderungen in deinem Lebensalltag verankern kannst!<\/span><\/p>\n<p>&nbsp;<\/p>\n<p><strong><span style=\"color: #b34d12;\">Meine Ausbildungen:<br \/>\n<\/span><\/strong><\/p>\n<table style=\"border-collapse: collapse; width: 100%;\">\n<tbody>\n<tr>\n<td style=\"width: 5.57127%; border-style: solid; border-color: #b34d12;\"><span style=\"color: #b34d12;\">2024<br \/>\n<\/span><\/td>\n<td style=\"width: 18.7913%; border-style: solid; border-color: #b34d12;\"><span style=\"color: #b34d12;\">Bodyfeet<br \/>\n<\/span><\/td>\n<td style=\"width: 75.6373%; border-style: solid; border-color: #b34d12;\"><span style=\"color: #b34d12;\"><strong>Komplement\u00e4rtherapeutin mit Branchenzertifikat Methode Akupunktmassagetherapie<br \/>\n<\/strong><\/span><\/td>\n<\/tr>\n<tr>\n<td style=\"width: 5.57127%; border-style: solid; border-color: #b34d12;\"><span style=\"color: #b34d12;\">2023<br \/>\n<\/span><\/td>\n<td style=\"width: 18.7913%; border-style: solid; border-color: #b34d12;\"><span style=\"color: #b34d12;\">Bodyfeet<br \/>\n<\/span><\/td>\n<td style=\"width: 75.6373%; border-style: solid; border-color: #b34d12;\"><span style=\"color: #b34d12;\"><strong>APM &#8211; Akupunktmassagetherapie Fachausbildung und Tronc Commun<br \/>\n<\/strong><\/span><\/td>\n<\/tr>\n<tr>\n<td style=\"width: 5.57127%; border-style: solid; border-color: #b34d12;\"><span style=\"color: #b34d12;\">2020<\/span><\/td>\n<td style=\"width: 18.7913%; border-style: solid; border-color: #b34d12;\"><span style=\"color: #b34d12;\">Bodyfeet\u00a0 \u00a0\u00a0<\/span><\/td>\n<td style=\"width: 75.6373%; border-style: solid; border-color: #b34d12;\"><span style=\"color: #b34d12;\"><strong>APM &#8211; Akupunktmassagetherapie Basisausbildung<\/strong><\/span><\/td>\n<\/tr>\n<tr>\n<td style=\"width: 5.57127%; border-style: solid; border-color: #b34d12;\"><span style=\"color: #b34d12;\">2018<\/span><\/td>\n<td style=\"width: 18.7913%; border-style: solid; border-color: #b34d12;\"><span style=\"color: #b34d12;\">Pilates Care GmbH<\/span><\/td>\n<td style=\"width: 75.6373%; border-style: solid; border-color: #b34d12;\"><span style=\"color: #b34d12;\"><strong>PilatesCare Reha Trainerin<\/strong><\/span><\/td>\n<\/tr>\n<tr>\n<td style=\"width: 5.57127%; border-style: solid; border-color: #b34d12;\"><span style=\"color: #b34d12;\">2017<\/span><\/td>\n<td style=\"width: 18.7913%; border-style: solid; border-color: #b34d12;\"><span style=\"color: #b34d12;\">Bodyfeet (Sierd Heijers)<\/span><\/td>\n<td style=\"width: 75.6373%; border-style: solid; border-color: #b34d12;\"><span style=\"color: #b34d12;\"><strong>Viszeraltherapeutin <\/strong>&#8211; Viszerale Therapie Oberbauch, Unterbauch, kleines Becken, somatische Dysfunktionen von Organen und des Bewegungsapparates und viszerale Integration Thorax, Herz mit Mediastinum und Lungen<\/span><\/td>\n<\/tr>\n<tr>\n<td style=\"width: 5.57127%; border-style: solid; border-color: #b34d12;\"><span style=\"color: #b34d12;\">2015<\/span><\/td>\n<td style=\"width: 18.7913%; border-style: solid; border-color: #b34d12;\"><span style=\"color: #b34d12;\">Bodyfeet<\/span><\/td>\n<td style=\"width: 75.6373%; border-style: solid; border-color: #b34d12;\"><span style=\"color: #b34d12;\"><strong>Diplompr\u00fcfung Berufsmasseurin<\/strong><\/span><\/td>\n<\/tr>\n<tr>\n<td style=\"width: 5.57127%; border-style: solid; border-color: #b34d12;\"><span style=\"color: #b34d12;\">2013<\/span><\/td>\n<td style=\"width: 18.7913%; border-style: solid; border-color: #b34d12;\"><span style=\"color: #b34d12;\">Samariter Schweiz<\/span><\/td>\n<td style=\"width: 75.6373%; border-style: solid; border-color: #b34d12;\"><span style=\"color: #b34d12;\"><strong>Ausbilderin SVEB1<\/strong><\/span><\/td>\n<\/tr>\n<tr>\n<td style=\"width: 5.57127%; border-style: solid; border-color: #b34d12;\"><span style=\"color: #b34d12;\">2013<\/span><\/td>\n<td style=\"width: 18.7913%; border-style: solid; border-color: #b34d12;\"><span style=\"color: #b34d12;\">Bodyfeet<\/span><\/td>\n<td style=\"width: 75.6373%; border-style: solid; border-color: #b34d12;\"><span style=\"color: #b34d12;\"><strong>Diplomierte Fussreflexzonentherapeutin<\/strong><\/span><\/td>\n<\/tr>\n<tr>\n<td style=\"width: 5.57127%; border-style: solid; border-color: #b34d12;\"><span style=\"color: #b34d12;\">2010<br \/>\n<\/span><\/td>\n<td style=\"width: 18.7913%; border-style: solid; border-color: #b34d12;\"><span style=\"color: #b34d12;\">Controller Akademie Z\u00fcrich<br \/>\n<\/span><\/td>\n<td style=\"width: 75.6373%; border-style: solid; border-color: #b34d12;\"><span style=\"color: #b34d12;\"><strong>Lehrgang Expertin in Rechnungslegung und Controlling <\/strong>(ohne Eidg. Pr\u00fcfung)<strong><br \/>\n<\/strong><\/span><\/td>\n<\/tr>\n<tr>\n<td style=\"width: 5.57127%; border-style: solid; border-color: #b34d12;\"><span style=\"color: #b34d12;\">2004<\/span><\/td>\n<td style=\"width: 18.7913%; border-style: solid; border-color: #b34d12;\"><span style=\"color: #b34d12;\">Bodyfeet<\/span><\/td>\n<td style=\"width: 75.6373%; border-style: solid; border-color: #b34d12;\"><span style=\"color: #b34d12;\"><strong>Diplomierte Gesundheitsmasseurin<\/strong><\/span><\/td>\n<\/tr>\n<tr>\n<td style=\"width: 5.57127%; border-style: solid; border-color: #b34d12;\"><span style=\"color: #b34d12;\">2001<br \/>\n<\/span><\/td>\n<td style=\"width: 18.7913%; border-style: solid; border-color: #b34d12;\"><span style=\"color: #b34d12;\">SIB<br \/>\n<\/span><\/td>\n<td style=\"width: 75.6373%; border-style: solid; border-color: #b34d12;\"><span style=\"color: #b34d12;\"><strong>Diplomierte Controllerin SIB<br \/>\n<\/strong><\/span><\/td>\n<\/tr>\n<tr>\n<td style=\"width: 5.57127%; border-style: solid; border-color: #b34d12;\"><span style=\"color: #b34d12;\">2000<br \/>\n<\/span><\/td>\n<td style=\"width: 18.7913%; border-style: solid; border-color: #b34d12;\"><span style=\"color: #b34d12;\">\u00a0<\/span><\/td>\n<td style=\"width: 75.6373%; border-style: solid; border-color: #b34d12;\"><span style=\"color: #b34d12;\"><strong>Buchhalterin mit eidg. Fachausweis<br \/>\n<\/strong><\/span><\/td>\n<\/tr>\n<tr>\n<td style=\"width: 5.57127%; border-style: solid; border-color: #b34d12;\"><span style=\"color: #b34d12;\">1991<br \/>\n<\/span><\/td>\n<td style=\"width: 18.7913%; border-style: solid; border-color: #b34d12;\"><span style=\"color: #b34d12;\">\u00a0<\/span><\/td>\n<td style=\"width: 75.6373%; border-style: solid; border-color: #b34d12;\"><span style=\"color: #b34d12;\"><strong>Kaufm\u00e4nnische Angestellte<br \/>\n<\/strong><\/span><\/td>\n<\/tr>\n<\/tbody>\n<\/table>\n<p>&nbsp;<\/p>\n<p><strong><span style=\"color: #b34d12;\">Meine Weiterbildungen:<\/span><\/strong><\/p>\n<table style=\"height: 399px; width: 100%; border-collapse: collapse; border-style: solid; border-color: #b34d12;\">\n<tbody>\n<tr>\n<td style=\"width: 53px; border-style: solid; border-color: #b34d12;\"><span style=\"color: #b34d12;\">2025<\/span><\/td>\n<td style=\"width: 224.183px; border-style: solid; border-color: #b34d12;\"><span style=\"color: #b34d12;\">Pilates Care GmbH<\/span><\/td>\n<td style=\"width: 771.817px; border-style: solid; border-color: #b34d12;\"><span style=\"color: #b34d12;\">Pilates mit dem Schwingstab und mit Toningb\u00e4llen<\/span><\/td>\n<\/tr>\n<tr>\n<td style=\"width: 53px; border-style: solid; border-color: #b34d12;\"><span style=\"color: #b34d12;\">2024<\/span><\/td>\n<td style=\"width: 224.183px; border-style: solid; border-color: #b34d12;\"><span style=\"color: #b34d12;\">APM-Schweiz<\/span><\/td>\n<td style=\"width: 771.817px; border-style: solid; border-color: #b34d12;\"><span style=\"color: #b34d12;\">Energetische Lymphtherapie<\/span><\/td>\n<\/tr>\n<tr style=\"height: 22px;\">\n<td style=\"width: 53px; height: 22px; border-style: solid; border-color: #b34d12;\"><span style=\"color: #b34d12;\">2022<br \/>\n<\/span><\/td>\n<td style=\"width: 224.183px; height: 22px; border-style: solid; border-color: #b34d12;\"><span style=\"color: #b34d12;\">DiscoverHealing<\/span><\/td>\n<td style=\"width: 771.817px; height: 22px; border-style: solid; border-color: #b34d12;\"><span style=\"color: #b34d12;\">Zertifizierungslehrgang The Emotion Code<br \/>\n<\/span><\/td>\n<\/tr>\n<tr style=\"height: 22px;\">\n<td style=\"width: 53px; height: 22px; border-style: solid; border-color: #b34d12;\"><span style=\"color: #b34d12;\">2022<\/span><\/td>\n<td style=\"width: 224.183px; height: 22px; border-style: solid; border-color: #b34d12;\"><span style=\"color: #b34d12;\">Fortbildungszentrum Heijers<\/span><\/td>\n<td style=\"width: 771.817px; height: 22px; border-style: solid; border-color: #b34d12;\"><span style=\"color: #b34d12;\">Integration und angewandte Prinzipien in der Osteopathie 3 + 4<\/span><\/td>\n<\/tr>\n<tr style=\"height: 22px;\">\n<td style=\"width: 53px; height: 22px; border-style: solid; border-color: #b34d12;\"><span style=\"color: #b34d12;\">2022<\/span><\/td>\n<td style=\"width: 224.183px; height: 22px; border-style: solid; border-color: #b34d12;\"><span style=\"color: #b34d12;\">Pilates Care GmbH<\/span><\/td>\n<td style=\"width: 771.817px; height: 22px; border-style: solid; border-color: #b34d12;\"><span style=\"color: #b34d12;\">Pilates w\u00e4hrend der Schwangerschaft und nach der R\u00fcckbildung<\/span><\/td>\n<\/tr>\n<tr style=\"height: 22px;\">\n<td style=\"width: 53px; height: 22px; border-style: solid; border-color: #b34d12;\"><span style=\"color: #b34d12;\">2021<br \/>\n<\/span><\/td>\n<td style=\"width: 224.183px; height: 22px; border-style: solid; border-color: #b34d12;\"><span style=\"color: #b34d12;\">Fortbildungszentrum Heijers<br \/>\n<\/span><\/td>\n<td style=\"width: 771.817px; height: 22px; border-style: solid; border-color: #b34d12;\"><span style=\"color: #b34d12;\">Integration und angewandte Prinzipien in der Osteopathie 1 + 2<br \/>\n<\/span><\/td>\n<\/tr>\n<tr style=\"height: 44px;\">\n<td style=\"width: 53px; height: 44px; border-style: solid; border-color: #b34d12;\"><span style=\"color: #b34d12;\">2020<\/span><\/td>\n<td style=\"width: 224.183px; height: 44px; border-style: solid; border-color: #b34d12;\"><span style=\"color: #b34d12;\">Fortbildungszentrum Heijers<\/span><\/td>\n<td style=\"width: 771.817px; height: 44px; border-style: solid; border-color: #b34d12;\"><span style=\"color: #b34d12;\">Integration und angewandte Prinzipien in der Osteopathie, Die Funktionskette Beckenorgane, Illium, H\u00fcfte, Knie und Fuss<\/span><\/td>\n<\/tr>\n<tr style=\"height: 22px;\">\n<td style=\"width: 53px; height: 22px; border-style: solid; border-color: #b34d12;\"><span style=\"color: #b34d12;\">2020<\/span><\/td>\n<td style=\"width: 224.183px; height: 22px; border-style: solid; border-color: #b34d12;\"><span style=\"color: #b34d12;\">Fortbildungszentrum Heijers\u00a0\u00a0<\/span><\/td>\n<td style=\"width: 771.817px; height: 22px; border-style: solid; border-color: #b34d12;\"><span style=\"color: #b34d12;\">Funktionelle Nervenmobilisation Vegetatives und kraniales Nervensystem, \u00dcbungstherapien f\u00fcr das Nervensystem<\/span><\/td>\n<\/tr>\n<tr style=\"height: 47px;\">\n<td style=\"width: 53px; border-style: solid; border-color: #b34d12; height: 47px;\"><span style=\"color: #b34d12;\">2020<br \/>\n<\/span><\/td>\n<td style=\"width: 224.183px; border-style: solid; border-color: #b34d12; height: 47px;\"><span style=\"color: #b34d12;\">Fortbildungszentrum Heijers<br \/>\n<\/span><\/td>\n<td style=\"width: 771.817px; border-style: solid; border-color: #b34d12; height: 47px;\"><span style=\"color: #b34d12;\">Funktionelle Nervenmobilisation LWS, Becken und untere Extremit\u00e4ten, ND R\u00fcckenmarks- und Gehirnh\u00e4ute sowie Funktionelle Nervenmobilisation HWS, obere Extremit\u00e4ten, R\u00fcckenmarks- und Gehirnh\u00e4ute<br \/>\n<\/span><\/td>\n<\/tr>\n<tr style=\"height: 22px;\">\n<td style=\"width: 53px; height: 22px; border-style: solid; border-color: #b34d12;\"><span style=\"color: #b34d12;\">2020<br \/>\n<\/span><\/td>\n<td style=\"width: 224.183px; height: 22px; border-style: solid; border-color: #b34d12;\"><span style=\"color: #b34d12;\">Liebscher&amp;Bracht<br \/>\n<\/span><\/td>\n<td style=\"width: 771.817px; height: 22px; border-style: solid; border-color: #b34d12;\"><span style=\"color: #b34d12;\">Schmerztherapie nach Liebscher&amp;Bracht<br \/>\n<\/span><\/td>\n<\/tr>\n<tr style=\"height: 22px;\">\n<td style=\"width: 53px; height: 22px; border-style: solid; border-color: #b34d12;\"><span style=\"color: #b34d12;\">2019<\/span><\/td>\n<td style=\"width: 224.183px; height: 22px; border-style: solid; border-color: #b34d12;\"><span style=\"color: #b34d12;\">Pilates Care GmbH<\/span><\/td>\n<td style=\"width: 771.817px; height: 22px; border-style: solid; border-color: #b34d12;\"><span style=\"color: #b34d12;\">Pilates mit Overball<\/span><\/td>\n<\/tr>\n<tr style=\"height: 22px;\">\n<td style=\"width: 53px; height: 22px; border-style: solid; border-color: #b34d12;\"><span style=\"color: #b34d12;\">2019<br \/>\n<\/span><\/td>\n<td style=\"width: 224.183px; height: 22px; border-style: solid; border-color: #b34d12;\"><span style=\"color: #b34d12;\">Bodyfeet (Sierd Heijers)<br \/>\n<\/span><\/td>\n<td style=\"width: 771.817px; height: 22px; border-style: solid; border-color: #b34d12;\"><span style=\"color: #b34d12;\">Funktionskette Halsorgane<br \/>\n<\/span><\/td>\n<\/tr>\n<tr style=\"height: 22px;\">\n<td style=\"width: 53px; height: 22px; border-style: solid; border-color: #b34d12;\"><span style=\"color: #b34d12;\">2016<\/span><\/td>\n<td style=\"width: 224.183px; height: 22px; border-style: solid; border-color: #b34d12;\"><span style=\"color: #b34d12;\">Samariter Schweiz<br \/>\n<\/span><\/td>\n<td style=\"width: 771.817px; height: 22px; border-style: solid; border-color: #b34d12;\"><span style=\"color: #b34d12;\">Ersthelfer Stufe 3 IVR<\/span><\/td>\n<\/tr>\n<tr style=\"height: 22px;\">\n<td style=\"width: 53px; height: 22px; border-style: solid; border-color: #b34d12;\"><span style=\"color: #b34d12;\">2016<br \/>\n<\/span><\/td>\n<td style=\"width: 224.183px; height: 22px; border-style: solid; border-color: #b34d12;\"><span style=\"color: #b34d12;\">Bodyfeet<br \/>\n<\/span><\/td>\n<td style=\"width: 771.817px; height: 22px; border-style: solid; border-color: #b34d12;\"><span style=\"color: #b34d12;\">Behandlungskonzepte Migr\u00e4ne und Kopfschmerzen<br \/>\n<\/span><\/td>\n<\/tr>\n<tr style=\"height: 22px;\">\n<td style=\"width: 53px; height: 22px; border-style: solid; border-color: #b34d12;\"><span style=\"color: #b34d12;\">2012<br \/>\n<\/span><\/td>\n<td style=\"width: 224.183px; height: 22px; border-style: solid; border-color: #b34d12;\"><span style=\"color: #b34d12;\">Bodyfeet<br \/>\n<\/span><\/td>\n<td style=\"width: 771.817px; height: 22px; border-style: solid; border-color: #b34d12;\"><span style=\"color: #b34d12;\">Medizinische Grundlagen M1 + M2<br \/>\n<\/span><\/td>\n<\/tr>\n<tr style=\"height: 22px;\">\n<td style=\"width: 53px; height: 22px; border-style: solid; border-color: #b34d12;\"><span style=\"color: #b34d12;\">seit<\/span><\/td>\n<td style=\"width: 224.183px; height: 22px; border-style: solid; border-color: #b34d12;\"><span style=\"color: #b34d12;\">\u00a0<\/span><\/td>\n<td style=\"width: 771.817px; height: 22px; border-style: solid; border-color: #b34d12;\"><span style=\"color: #b34d12;\">\u00a0<\/span><\/td>\n<\/tr>\n<tr style=\"height: 22px;\">\n<td style=\"width: 53px; height: 22px; border-style: solid; border-color: #b34d12;\"><span style=\"color: #b34d12;\">1995<\/span><\/td>\n<td style=\"width: 224.183px; height: 22px; border-style: solid; border-color: #b34d12;\"><span style=\"color: #b34d12;\">Samariter Schweiz<br \/>\n<\/span><\/td>\n<td style=\"width: 771.817px; height: 22px; border-style: solid; border-color: #b34d12;\"><span style=\"color: #b34d12;\">Kursleiterin und Samariterlehrerin mit j\u00e4hrlichen Weiterbildungen<\/span><\/td>\n<\/tr>\n<\/tbody>\n<\/table>\n<p><span style=\"color: #b34d12;\">\u00a0 \u00a0 \u00a0 \u00a0\u00a0<\/span><\/p>\n<p><span style=\"color: #b34d12;\">\u00a0 \u00a0 <\/span><\/p>\n<p><span style=\"color: #b34d12;\">\u00a0 \u00a0 \u00a0 \u00a0 \u00a0 \u00a0 \u00a0 \u00a0 \u00a0 \u00a0 \u00a0 \u00a0 \u00a0 \u00a0 \u00a0 \u00a0 \u00a0 \u00a0<\/span><\/p>\n<p><span style=\"color: #b34d12;\">\u00a0 \u00a0 \u00a0 \u00a0 \u00a0 \u00a0 \u00a0<\/span><\/p>\n<p><span style=\"color: #b34d12;\">\u00a0 \u00a0 \u00a0 \u00a0 \u00a0 \u00a0 \u00a0\u00a0<\/span><\/p>\n","protected":false},"excerpt":{"rendered":"<p>Mein Weg Es war w\u00e4hrend meiner ersten Reise in die hohen Berges des Karakorum. Da kam sie zu mir &#8211; die erste Vision! Ich sitze im falschen Boot! Ich tue nicht das, was ich Liebe. Ich mache das, was ich meine, dass von mir verlangt wird. Von da weg wusste ich, dass ich was \u00e4ndern&hellip;<\/p>\n","protected":false},"author":3,"featured_media":0,"parent":0,"menu_order":0,"comment_status":"closed","ping_status":"closed","template":"","meta":{"footnotes":""},"class_list":["post-41","page","type-page","status-publish","hentry","description-off"],"_links":{"self":[{"href":"https:\/\/www.heil-werden.ch\/index.php\/wp-json\/wp\/v2\/pages\/41","targetHints":{"allow":["GET"]}}],"collection":[{"href":"https:\/\/www.heil-werden.ch\/index.php\/wp-json\/wp\/v2\/pages"}],"about":[{"href":"https:\/\/www.heil-werden.ch\/index.php\/wp-json\/wp\/v2\/types\/page"}],"author":[{"embeddable":true,"href":"https:\/\/www.heil-werden.ch\/index.php\/wp-json\/wp\/v2\/users\/3"}],"replies":[{"embeddable":true,"href":"https:\/\/www.heil-werden.ch\/index.php\/wp-json\/wp\/v2\/comments?post=41"}],"version-history":[{"count":28,"href":"https:\/\/www.heil-werden.ch\/index.php\/wp-json\/wp\/v2\/pages\/41\/revisions"}],"predecessor-version":[{"id":405,"href":"https:\/\/www.heil-werden.ch\/index.php\/wp-json\/wp\/v2\/pages\/41\/revisions\/405"}],"wp:attachment":[{"href":"https:\/\/www.heil-werden.ch\/index.php\/wp-json\/wp\/v2\/media?parent=41"}],"curies":[{"name":"wp","href":"https:\/\/api.w.org\/{rel}","templated":true}]}}