{"id":39,"date":"2017-03-16T13:22:40","date_gmt":"2017-03-16T12:22:40","guid":{"rendered":"http:\/\/www.heil-werden.ch\/?page_id=39"},"modified":"2020-08-29T15:23:46","modified_gmt":"2020-08-29T13:23:46","slug":"sanfte-wirbeltherapie-nach-dieter-dorn","status":"publish","type":"page","link":"https:\/\/www.heil-werden.ch\/index.php\/sanfte-wirbeltherapie-nach-dieter-dorn\/","title":{"rendered":"Sanfte Wirbeltherapie nach Dieter Dorn"},"content":{"rendered":"<h3><span style=\"color: #c16438;\">Sanfte Wirbeltherapie nach Dieter Dorn<\/span><\/h3>\n<p><span style=\"color: #c16438;\">Die Dorn-Therapie ist eine einfache, wirkungsvolle und schonende Art, die Wirbels\u00e4ule und Gelenke zu behandeln, ohne dabei manipulativ oder mit Kraft auf den K\u00f6rper einzuwirken.<\/span><\/p>\n<p><span style=\"color: #c16438;\">Vorallem R\u00fccken\u2013 und Gelenkbeschwerden lassen sich mit dieser Methode sanft und sicher beseitigen. Selbsthilfe\u00fcbungen erg\u00e4nzen dieses sanfte Behandlungskonzept wirkungsvoll.<\/span><\/p>\n","protected":false},"excerpt":{"rendered":"<p>Sanfte Wirbeltherapie nach Dieter Dorn Die Dorn-Therapie ist eine einfache, wirkungsvolle und schonende Art, die Wirbels\u00e4ule und Gelenke zu behandeln, ohne dabei manipulativ oder mit Kraft auf den K\u00f6rper einzuwirken. Vorallem R\u00fccken\u2013 und Gelenkbeschwerden lassen sich mit dieser Methode sanft und sicher beseitigen. Selbsthilfe\u00fcbungen erg\u00e4nzen dieses sanfte Behandlungskonzept wirkungsvoll.<\/p>\n","protected":false},"author":3,"featured_media":0,"parent":0,"menu_order":0,"comment_status":"closed","ping_status":"closed","template":"","meta":{"footnotes":""},"class_list":["post-39","page","type-page","status-publish","hentry","description-off"],"_links":{"self":[{"href":"https:\/\/www.heil-werden.ch\/index.php\/wp-json\/wp\/v2\/pages\/39","targetHints":{"allow":["GET"]}}],"collection":[{"href":"https:\/\/www.heil-werden.ch\/index.php\/wp-json\/wp\/v2\/pages"}],"about":[{"href":"https:\/\/www.heil-werden.ch\/index.php\/wp-json\/wp\/v2\/types\/page"}],"author":[{"embeddable":true,"href":"https:\/\/www.heil-werden.ch\/index.php\/wp-json\/wp\/v2\/users\/3"}],"replies":[{"embeddable":true,"href":"https:\/\/www.heil-werden.ch\/index.php\/wp-json\/wp\/v2\/comments?post=39"}],"version-history":[{"count":3,"href":"https:\/\/www.heil-werden.ch\/index.php\/wp-json\/wp\/v2\/pages\/39\/revisions"}],"predecessor-version":[{"id":290,"href":"https:\/\/www.heil-werden.ch\/index.php\/wp-json\/wp\/v2\/pages\/39\/revisions\/290"}],"wp:attachment":[{"href":"https:\/\/www.heil-werden.ch\/index.php\/wp-json\/wp\/v2\/media?parent=39"}],"curies":[{"name":"wp","href":"https:\/\/api.w.org\/{rel}","templated":true}]}}