{"id":37,"date":"2017-03-16T13:22:15","date_gmt":"2017-03-16T12:22:15","guid":{"rendered":"http:\/\/www.heil-werden.ch\/?page_id=37"},"modified":"2020-08-29T15:24:23","modified_gmt":"2020-08-29T13:24:23","slug":"schroepfkopfbehandlung","status":"publish","type":"page","link":"https:\/\/www.heil-werden.ch\/index.php\/schroepfkopfbehandlung\/","title":{"rendered":"Schr\u00f6pfkopfbehandlung"},"content":{"rendered":"<h3><span style=\"color: #c16438;\">Schr\u00f6pfkopfbehandlung<\/span><\/h3>\n<p><span style=\"color: #c16438;\">Die Methode des Trocken Schr\u00f6pfens ist mehr als 5000 Jahre alt. Ziel des Schr\u00f6pfens ist es, die Selbstheilungskr\u00e4fte des Organismus zu st\u00e4rken oder erst in Gang zu setzen, wenn diese von sich aus nicht imstande sind. (H. Piotrowski; Die Kunst des Schr\u00f6pfens)<\/span><\/p>\n<p><span style=\"color: #c16438;\">Die Sogwirkung der Schr\u00f6pfgl\u00e4ser l\u00f6st Bindegewebsschichten und bringt Schlackenstoffe zur Ausscheidung. Gleichzeitig wird der Energiefluss in den Organen verbessert. Die Schr\u00f6pfkopfbehandlung kann bei hartn\u00e4ckigen, therapieresistenten Beschwerden des Bewegungsapparates angewendet werden. Ebenso kann sie zur Anregung der Stoffwechselvorg\u00e4nge innerer Organe \u00fcber die Reflexzonen (Head\u2019sche Zonen) eingesetzt werden.<\/span><\/p>\n","protected":false},"excerpt":{"rendered":"<p>Schr\u00f6pfkopfbehandlung Die Methode des Trocken Schr\u00f6pfens ist mehr als 5000 Jahre alt. Ziel des Schr\u00f6pfens ist es, die Selbstheilungskr\u00e4fte des Organismus zu st\u00e4rken oder erst in Gang zu setzen, wenn diese von sich aus nicht imstande sind. (H. Piotrowski; Die Kunst des Schr\u00f6pfens) Die Sogwirkung der Schr\u00f6pfgl\u00e4ser l\u00f6st Bindegewebsschichten und bringt Schlackenstoffe zur Ausscheidung. Gleichzeitig&hellip;<\/p>\n","protected":false},"author":3,"featured_media":0,"parent":0,"menu_order":0,"comment_status":"closed","ping_status":"closed","template":"","meta":{"footnotes":""},"class_list":["post-37","page","type-page","status-publish","hentry","description-off"],"_links":{"self":[{"href":"https:\/\/www.heil-werden.ch\/index.php\/wp-json\/wp\/v2\/pages\/37","targetHints":{"allow":["GET"]}}],"collection":[{"href":"https:\/\/www.heil-werden.ch\/index.php\/wp-json\/wp\/v2\/pages"}],"about":[{"href":"https:\/\/www.heil-werden.ch\/index.php\/wp-json\/wp\/v2\/types\/page"}],"author":[{"embeddable":true,"href":"https:\/\/www.heil-werden.ch\/index.php\/wp-json\/wp\/v2\/users\/3"}],"replies":[{"embeddable":true,"href":"https:\/\/www.heil-werden.ch\/index.php\/wp-json\/wp\/v2\/comments?post=37"}],"version-history":[{"count":3,"href":"https:\/\/www.heil-werden.ch\/index.php\/wp-json\/wp\/v2\/pages\/37\/revisions"}],"predecessor-version":[{"id":291,"href":"https:\/\/www.heil-werden.ch\/index.php\/wp-json\/wp\/v2\/pages\/37\/revisions\/291"}],"wp:attachment":[{"href":"https:\/\/www.heil-werden.ch\/index.php\/wp-json\/wp\/v2\/media?parent=37"}],"curies":[{"name":"wp","href":"https:\/\/api.w.org\/{rel}","templated":true}]}}