{"id":346,"date":"2023-04-14T00:04:48","date_gmt":"2023-04-13T22:04:48","guid":{"rendered":"https:\/\/www.heil-werden.ch\/?page_id=346"},"modified":"2023-04-14T00:09:40","modified_gmt":"2023-04-13T22:09:40","slug":"pilatescare-trainerin","status":"publish","type":"page","link":"https:\/\/www.heil-werden.ch\/index.php\/pilatescare-trainerin\/","title":{"rendered":"PilatesCare-Traininerin"},"content":{"rendered":"<h3><span style=\"color: #c16438;\">Klinisches Pilates<\/span><\/h3>\n<p><span style=\"color: #c16438;\">WAS IST PILATESCARE?<\/span><\/p>\n<p><span style=\"color: #c16438;\">Die klinische Pilates-Methode &#8222;PilatesCare&#8220; ist ein strukturiertes Aufbauprogramm f\u00fcr eine nachhaltige aufrechte K\u00f6rperhaltung und f\u00fcr eine effiziente R\u00fcckentherapie nach der Philosophie des Begr\u00fcnders Joseph Pilates. Die PilatesCare \u00dcbungen werden auf der Matte und speziell auf dem Stuhl und der Liege durchgef\u00fchrt. Das PilatesCare Training st\u00e4rkt gezielt die Tiefenmuskulatur des Rumpfes und kann insbesondere in der Rehabilitation sowie als Pr\u00e4ventionstraining angewendet werden.<br \/>\n<\/span><\/p>\n","protected":false},"excerpt":{"rendered":"<p>Klinisches Pilates WAS IST PILATESCARE? Die klinische Pilates-Methode &#8222;PilatesCare&#8220; ist ein strukturiertes Aufbauprogramm f\u00fcr eine nachhaltige aufrechte K\u00f6rperhaltung und f\u00fcr eine effiziente R\u00fcckentherapie nach der Philosophie des Begr\u00fcnders Joseph Pilates. Die PilatesCare \u00dcbungen werden auf der Matte und speziell auf dem Stuhl und der Liege durchgef\u00fchrt. Das PilatesCare Training st\u00e4rkt gezielt die Tiefenmuskulatur des Rumpfes&hellip;<\/p>\n","protected":false},"author":3,"featured_media":0,"parent":0,"menu_order":0,"comment_status":"closed","ping_status":"closed","template":"","meta":{"footnotes":""},"class_list":["post-346","page","type-page","status-publish","hentry","description-off"],"_links":{"self":[{"href":"https:\/\/www.heil-werden.ch\/index.php\/wp-json\/wp\/v2\/pages\/346","targetHints":{"allow":["GET"]}}],"collection":[{"href":"https:\/\/www.heil-werden.ch\/index.php\/wp-json\/wp\/v2\/pages"}],"about":[{"href":"https:\/\/www.heil-werden.ch\/index.php\/wp-json\/wp\/v2\/types\/page"}],"author":[{"embeddable":true,"href":"https:\/\/www.heil-werden.ch\/index.php\/wp-json\/wp\/v2\/users\/3"}],"replies":[{"embeddable":true,"href":"https:\/\/www.heil-werden.ch\/index.php\/wp-json\/wp\/v2\/comments?post=346"}],"version-history":[{"count":1,"href":"https:\/\/www.heil-werden.ch\/index.php\/wp-json\/wp\/v2\/pages\/346\/revisions"}],"predecessor-version":[{"id":347,"href":"https:\/\/www.heil-werden.ch\/index.php\/wp-json\/wp\/v2\/pages\/346\/revisions\/347"}],"wp:attachment":[{"href":"https:\/\/www.heil-werden.ch\/index.php\/wp-json\/wp\/v2\/media?parent=346"}],"curies":[{"name":"wp","href":"https:\/\/api.w.org\/{rel}","templated":true}]}}