{"id":344,"date":"2023-04-14T00:01:54","date_gmt":"2023-04-13T22:01:54","guid":{"rendered":"https:\/\/www.heil-werden.ch\/?page_id=344"},"modified":"2023-06-19T21:43:05","modified_gmt":"2023-06-19T19:43:05","slug":"akupunktmassage-therapie","status":"publish","type":"page","link":"https:\/\/www.heil-werden.ch\/index.php\/akupunktmassage-therapie\/","title":{"rendered":"Akupunktmassage-Therapie"},"content":{"rendered":"<h3><span style=\"color: #c16438;\">Akupunktmassage-Therapie<\/span><\/h3>\n<p><span style=\"color: #c16438;\">Die APM-Therapie (Akupunkt-Massage) ist eine wundervolle Methode, um \u00fcber die Meridiane einen energetischen Ausgleich im K\u00f6rper zu erzielen und mit der Behandlung der Statik (Becken, Wirbels\u00e4ule, Gelenke) eine Entspannung der Wirbels\u00e4ule zu bewirken.<\/span><\/p>\n<p><span style=\"color: #c16438;\">Die APM-Therapie verbindet \u00f6stliche Energielehren mit westlichen, therapeutischen Behandlungstechniken.<\/span><\/p>\n<p><span style=\"color: #c16438;\">Haben Sie Schmerzen oder Einschr\u00e4nkungen ihres Wohlbefindens? So kann es sein, dass die Ursache nicht zwingend identisch und am gleichen Ort zu suchen ist. Meridiansystem, Bewegungsapparat, Organsystem und Psyche beeinflussen sich gegenseitig. Die APM-Therapie geht mit ihrem Behandlungsablauf von diesem Denkansatz aus.<\/span><\/p>\n<p><span style=\"color: #c16438;\">Eine APM-Behandlung ist geeignet bei folgenden Beschwerden:<\/span><\/p>\n<ul>\n<li><span style=\"color: #c16438;\">Kopfschmerzen, Migr\u00e4ne<\/span><\/li>\n<li><span style=\"color: #c16438;\">R\u00fcckenschmerzen<\/span><\/li>\n<li><span style=\"color: #c16438;\">Skoliose<\/span><\/li>\n<li><span style=\"color: #c16438;\">Hexenschuss<\/span><\/li>\n<li><span style=\"color: #c16438;\">Gelenkbeschwerden, rheumatisch oder degenerativ<\/span><\/li>\n<li><span style=\"color: #c16438;\">Allgemeine Beschwerden des Bewegungsapparates<\/span><\/li>\n<li><span style=\"color: #c16438;\">Fersensporn<\/span><\/li>\n<li><span style=\"color: #c16438;\">Schleudertrauma<\/span><\/li>\n<li><span style=\"color: #c16438;\">Schulterschmerzen<\/span><\/li>\n<li><span style=\"color: #c16438;\">Tennis-Ellbogen<\/span><\/li>\n<li><span style=\"color: #c16438;\">Verdauungsbeschwerden<\/span><\/li>\n<li><span style=\"color: #c16438;\">Atembeschwerden<\/span><\/li>\n<li><span style=\"color: #c16438;\">Allergien zb Heuschnupfen<\/span><\/li>\n<li><span style=\"color: #c16438;\">Schlafprobleme<\/span><\/li>\n<li><span style=\"color: #c16438;\">Konzentrationsprobleme<\/span><\/li>\n<li><span style=\"color: #c16438;\">Ersch\u00f6pfung<\/span><\/li>\n<\/ul>\n<p><span style=\"color: #c16438;\">Nur bedingt geeignet:<\/span><\/p>\n<ul>\n<li><span style=\"color: #c16438;\">Krebserkrankungen<\/span><\/li>\n<li><span style=\"color: #c16438;\">Psychische Erkrankungen<\/span><\/li>\n<\/ul>\n","protected":false},"excerpt":{"rendered":"<p>Akupunktmassage-Therapie Die APM-Therapie (Akupunkt-Massage) ist eine wundervolle Methode, um \u00fcber die Meridiane einen energetischen Ausgleich im K\u00f6rper zu erzielen und mit der Behandlung der Statik (Becken, Wirbels\u00e4ule, Gelenke) eine Entspannung der Wirbels\u00e4ule zu bewirken. Die APM-Therapie verbindet \u00f6stliche Energielehren mit westlichen, therapeutischen Behandlungstechniken. Haben Sie Schmerzen oder Einschr\u00e4nkungen ihres Wohlbefindens? So kann es sein, dass&hellip;<\/p>\n","protected":false},"author":3,"featured_media":0,"parent":0,"menu_order":0,"comment_status":"closed","ping_status":"closed","template":"","meta":{"footnotes":""},"class_list":["post-344","page","type-page","status-publish","hentry","description-off"],"_links":{"self":[{"href":"https:\/\/www.heil-werden.ch\/index.php\/wp-json\/wp\/v2\/pages\/344","targetHints":{"allow":["GET"]}}],"collection":[{"href":"https:\/\/www.heil-werden.ch\/index.php\/wp-json\/wp\/v2\/pages"}],"about":[{"href":"https:\/\/www.heil-werden.ch\/index.php\/wp-json\/wp\/v2\/types\/page"}],"author":[{"embeddable":true,"href":"https:\/\/www.heil-werden.ch\/index.php\/wp-json\/wp\/v2\/users\/3"}],"replies":[{"embeddable":true,"href":"https:\/\/www.heil-werden.ch\/index.php\/wp-json\/wp\/v2\/comments?post=344"}],"version-history":[{"count":5,"href":"https:\/\/www.heil-werden.ch\/index.php\/wp-json\/wp\/v2\/pages\/344\/revisions"}],"predecessor-version":[{"id":368,"href":"https:\/\/www.heil-werden.ch\/index.php\/wp-json\/wp\/v2\/pages\/344\/revisions\/368"}],"wp:attachment":[{"href":"https:\/\/www.heil-werden.ch\/index.php\/wp-json\/wp\/v2\/media?parent=344"}],"curies":[{"name":"wp","href":"https:\/\/api.w.org\/{rel}","templated":true}]}}