{"id":182,"date":"2017-08-03T12:46:00","date_gmt":"2017-08-03T10:46:00","guid":{"rendered":"http:\/\/www.heil-werden.ch\/?page_id=182"},"modified":"2023-08-30T21:23:01","modified_gmt":"2023-08-30T19:23:01","slug":"impressum","status":"publish","type":"page","link":"https:\/\/www.heil-werden.ch\/index.php\/impressum\/","title":{"rendered":"Impressum"},"content":{"rendered":"<h3><span style=\"color: #b34d12;\"><strong>Inhaberin der Seite:<\/strong><\/span><\/h3>\n<p>Regula Rellstab<\/p>\n<p>Bernstrasse 1<br \/>\n3088 R\u00fceggisberg<\/p>\n<p>Tel: 078 773 58 85<\/p>\n<p>Mail: info(at)heil-werden.ch<\/p>\n<h3><span style=\"color: #b34d12;\">Registriert bei:<\/span><\/h3>\n<p>&#8211;\u00a0\u00a0\u00a0\u00a0\u00a0\u00a0\u00a0\u00a0\u00a0\u00a0\u00a0\u00a0\u00a0 ASCA \u2013 Schweizerische Stiftung f\u00fcr Komplement\u00e4rmedizin<\/p>\n<p>&#8211;\u00a0\u00a0\u00a0\u00a0\u00a0\u00a0\u00a0\u00a0\u00a0\u00a0\u00a0\u00a0\u00a0 EMR \u2013 ErfahrungsMedizinisches Register<\/p>\n<p>ZSR-Nr. 758162<\/p>\n<p>UID: CHE-420.911.757<\/p>\n<h3><span style=\"color: #b34d12;\"><strong>Bilderquelle:<\/strong><\/span><\/h3>\n<p>S\u00e4mtliche Bilderrechte geh\u00f6ren Regula Rellstab &#8211; die Fotos und Illustrationen d\u00fcrfen f\u00fcr andersweitige Zwecke nicht verwendet werden!<\/p>\n<p>&nbsp;<br \/>\n<script src=\"https:\/\/www.privacybee.ch\/widget.js\"><\/script>\n<privacybee-widget website-id=\"clly0vf2q2713720sdwyocl2bl\" lang=\"de\"><\/privacybee-widget>\n<p>&nbsp;<br \/>\n<strong><br \/>\nWeitere Bestimmungen<\/strong><\/p>\n<p><strong>Karten<\/strong><\/p>\n<p>F\u00fcr die optimale Bereitstellung von Kartenmaterial auf unserer Website nutzen wir Dienste von Dritten, konkret von Google Maps. Die Nutzung erfolgt gem\u00e4ss den Datenschutzbestimmungen des Anbieters.<\/p>\n<p><a href=\"https:\/\/policies.google.com\/technologies\/location-data?hl=de\" target=\"_blank\" rel=\"noopener\">Datenschutz-Angaben von Google Maps<\/a><\/p>\n<p><strong>Plugins, Extensions, Erweiterungen etc.<\/strong><\/p>\n<p>Zus\u00e4tzlich zur Basis-Installation unserer Content Management Systems (CMS), welches uns die einfache Verwaltung der Inhalte unserer Website erm\u00f6glicht, verwenden wir Erweiterungen, sogenannte Plugins\/Extensions, die von Dritten bereitgestellt werden, um ein optimales Nutzererlebnis zu bieten und unser Onlineangebot zu sch\u00fctzen. Dieser Schutz ist nur mittels Pr\u00fcfung von IP-Adressen m\u00f6glich. Die Nutzung erfolgt gem\u00e4ss den Datenschutzbestimmungen der Anbieter. Die IP-Adressen im Log werden nicht ausgewertet und nach 30 Tagen gel\u00f6scht.<\/p>\n<p><a href=\"https:\/\/pluginkollektiv.org\/de\/datenschutzerklarung\/\" target=\"_blank\" rel=\"noopener\">Datenschutz-Angaben von Antispam Bee (Pluginkollektiv)<\/a><br \/>\n<a href=\"https:\/\/www.limitloginattempts.com\/privacy-policy\/\" target=\"_blank\" rel=\"noopener\">Datenschutz-Angaben von Limit Login Attempts Reloaded<\/a><br \/>\n<a href=\"https:\/\/blog.nintechnet.com\/ninjafirewall-general-data-protection-regulation-compliance\/\" target=\"_blank\" rel=\"noopener\">Datenschutz-Angaben von Ninja Firewall<\/a><\/p>\n","protected":false},"excerpt":{"rendered":"<p>Inhaberin der Seite: Regula Rellstab Bernstrasse 1 3088 R\u00fceggisberg Tel: 078 773 58 85 Mail: info(at)heil-werden.ch Registriert bei: &#8211;\u00a0\u00a0\u00a0\u00a0\u00a0\u00a0\u00a0\u00a0\u00a0\u00a0\u00a0\u00a0\u00a0 ASCA \u2013 Schweizerische Stiftung f\u00fcr Komplement\u00e4rmedizin &#8211;\u00a0\u00a0\u00a0\u00a0\u00a0\u00a0\u00a0\u00a0\u00a0\u00a0\u00a0\u00a0\u00a0 EMR \u2013 ErfahrungsMedizinisches Register ZSR-Nr. 758162 UID: CHE-420.911.757 Bilderquelle: S\u00e4mtliche Bilderrechte geh\u00f6ren Regula Rellstab &#8211; die Fotos und Illustrationen d\u00fcrfen f\u00fcr andersweitige Zwecke nicht verwendet werden! &nbsp; &nbsp; Weitere&hellip;<\/p>\n","protected":false},"author":3,"featured_media":0,"parent":0,"menu_order":0,"comment_status":"closed","ping_status":"closed","template":"","meta":{"footnotes":""},"class_list":["post-182","page","type-page","status-publish","hentry","description-off"],"_links":{"self":[{"href":"https:\/\/www.heil-werden.ch\/index.php\/wp-json\/wp\/v2\/pages\/182","targetHints":{"allow":["GET"]}}],"collection":[{"href":"https:\/\/www.heil-werden.ch\/index.php\/wp-json\/wp\/v2\/pages"}],"about":[{"href":"https:\/\/www.heil-werden.ch\/index.php\/wp-json\/wp\/v2\/types\/page"}],"author":[{"embeddable":true,"href":"https:\/\/www.heil-werden.ch\/index.php\/wp-json\/wp\/v2\/users\/3"}],"replies":[{"embeddable":true,"href":"https:\/\/www.heil-werden.ch\/index.php\/wp-json\/wp\/v2\/comments?post=182"}],"version-history":[{"count":14,"href":"https:\/\/www.heil-werden.ch\/index.php\/wp-json\/wp\/v2\/pages\/182\/revisions"}],"predecessor-version":[{"id":371,"href":"https:\/\/www.heil-werden.ch\/index.php\/wp-json\/wp\/v2\/pages\/182\/revisions\/371"}],"wp:attachment":[{"href":"https:\/\/www.heil-werden.ch\/index.php\/wp-json\/wp\/v2\/media?parent=182"}],"curies":[{"name":"wp","href":"https:\/\/api.w.org\/{rel}","templated":true}]}}